{"id":31,"date":"2016-03-01T14:20:29","date_gmt":"2016-03-01T13:20:29","guid":{"rendered":"https:\/\/xn--vstmekanik-q5a.se\/?page_id=31"},"modified":"2016-10-26T16:03:11","modified_gmt":"2016-10-26T14:03:11","slug":"var-verksamhet-2","status":"publish","type":"page","link":"https:\/\/xn--vstmekanik-q5a.se\/?page_id=31","title":{"rendered":"V\u00e5r verksamhet"},"content":{"rendered":"<p>V\u00e4stmekanik fungerar som st\u00f6dfunktion till beslutsfattare och tekniskt ansvariga inom automation och tillverkningsindustrin. Vi erbjuder hj\u00e4lp g\u00e4llande tillverkning, montage, installation, produktutveckling, processutveckling, konstruktionsl\u00f6sningar, projektledning, arbetsledning, CE-m\u00e4rkning, samt renovering\/service av befintliga anl\u00e4ggningar.<\/p>\n<p>V\u00e5r specialnisch \u00e4r att p\u00e5 ett kostnadseffektivt s\u00e4tt bist\u00e5 v\u00e5ra kunder att genomf\u00f6ra och slutf\u00f6ra deras projekt genom att ta ansvaret f\u00f6r hela eller delar av projektet.<\/p>\n","protected":false},"excerpt":{"rendered":"<p>V\u00e4stmekanik fungerar som st\u00f6dfunktion till beslutsfattare och tekniskt ansvariga inom automation och tillverkningsindustrin. Vi erbjuder hj\u00e4lp g\u00e4llande tillverkning, montage, installation, produktutveckling, processutveckling, konstruktionsl\u00f6sningar, projektledning, arbetsledning, CE-m\u00e4rkning, samt renovering\/service av befintliga anl\u00e4ggningar. V\u00e5r specialnisch \u00e4r att p\u00e5 ett kostnadseffektivt s\u00e4tt bist\u00e5 v\u00e5ra kunder att genomf\u00f6ra och slutf\u00f6ra deras projekt genom att ta ansvaret f\u00f6r hela eller delar av projektet.<\/p>\n","protected":false},"author":1,"featured_media":0,"parent":0,"menu_order":0,"comment_status":"closed","ping_status":"closed","template":"no-sidebar.php","meta":{"footnotes":""},"class_list":["post-31","page","type-page","status-publish","hentry"],"_links":{"self":[{"href":"https:\/\/xn--vstmekanik-q5a.se\/index.php?rest_route=\/wp\/v2\/pages\/31"}],"collection":[{"href":"https:\/\/xn--vstmekanik-q5a.se\/index.php?rest_route=\/wp\/v2\/pages"}],"about":[{"href":"https:\/\/xn--vstmekanik-q5a.se\/index.php?rest_route=\/wp\/v2\/types\/page"}],"author":[{"embeddable":true,"href":"https:\/\/xn--vstmekanik-q5a.se\/index.php?rest_route=\/wp\/v2\/users\/1"}],"replies":[{"embeddable":true,"href":"https:\/\/xn--vstmekanik-q5a.se\/index.php?rest_route=%2Fwp%2Fv2%2Fcomments&post=31"}],"version-history":[{"count":0,"href":"https:\/\/xn--vstmekanik-q5a.se\/index.php?rest_route=\/wp\/v2\/pages\/31\/revisions"}],"wp:attachment":[{"href":"https:\/\/xn--vstmekanik-q5a.se\/index.php?rest_route=%2Fwp%2Fv2%2Fmedia&parent=31"}],"curies":[{"name":"wp","href":"https:\/\/api.w.org\/{rel}","templated":true}]}}