{"id":29,"date":"2016-03-01T14:19:33","date_gmt":"2016-03-01T13:19:33","guid":{"rendered":"https:\/\/xn--vstmekanik-q5a.se\/?page_id=29"},"modified":"2016-10-26T16:07:47","modified_gmt":"2016-10-26T14:07:47","slug":"vart-arbetssatt-2","status":"publish","type":"page","link":"https:\/\/xn--vstmekanik-q5a.se\/?page_id=29","title":{"rendered":"V\u00e5rt arbetss\u00e4tt"},"content":{"rendered":"<p>Vi arbetar alltid i ett n\u00e4ra samarbete med kunden, genom hela processen. Kommunikation \u00e4r ett nyckelord f\u00f6r oss. Tydlig kommunikation desto b\u00e4ttre resultat b\u00e5de vad g\u00e4ller teknisk kvalitet och slutprodukt. Vi hj\u00e4lper v\u00e5ra kunder att se till helheten.<\/p>\n<p>Vi har ett stort n\u00e4tverk med duktiga underleverant\u00f6rer och sammarbetspartners inom en rad specialiserade verksamhetsomr\u00e5den, exempelvis maskinkonstrukt\u00f6rer, automationsingenj\u00f6rer, elinstallation, sk\u00e4randebearbetning, laser\/vatten sk\u00e4rning, svets, ytbehandling och montage.<\/p>\n<p>Vi vill att v\u00e5ra kunder skall k\u00e4nna f\u00f6rtroende och att vi underl\u00e4ttar deras vardag. V\u00e5ra ledord \u00e4r kommunikation, enkelhet, effektivitet, \u00e5tkomlighet.<\/p>\n","protected":false},"excerpt":{"rendered":"<p>Vi arbetar alltid i ett n\u00e4ra samarbete med kunden, genom hela processen. Kommunikation \u00e4r ett nyckelord f\u00f6r oss. Tydlig kommunikation desto b\u00e4ttre resultat b\u00e5de vad g\u00e4ller teknisk kvalitet och slutprodukt. Vi hj\u00e4lper v\u00e5ra kunder att se till helheten. Vi har ett stort n\u00e4tverk med duktiga underleverant\u00f6rer och sammarbetspartners inom en rad specialiserade verksamhetsomr\u00e5den, exempelvis maskinkonstrukt\u00f6rer, automationsingenj\u00f6rer, elinstallation, sk\u00e4randebearbetning, laser\/vatten sk\u00e4rning, svets, ytbehandling och montage. Vi vill att v\u00e5ra kunder skall k\u00e4nna f\u00f6rtroende och att vi underl\u00e4ttar deras vardag. V\u00e5ra ledord \u00e4r kommunikation, enkelhet, effektivitet, \u00e5tkomlighet.<\/p>\n","protected":false},"author":1,"featured_media":0,"parent":0,"menu_order":0,"comment_status":"closed","ping_status":"closed","template":"no-sidebar.php","meta":{"footnotes":""},"class_list":["post-29","page","type-page","status-publish","hentry"],"_links":{"self":[{"href":"https:\/\/xn--vstmekanik-q5a.se\/index.php?rest_route=\/wp\/v2\/pages\/29"}],"collection":[{"href":"https:\/\/xn--vstmekanik-q5a.se\/index.php?rest_route=\/wp\/v2\/pages"}],"about":[{"href":"https:\/\/xn--vstmekanik-q5a.se\/index.php?rest_route=\/wp\/v2\/types\/page"}],"author":[{"embeddable":true,"href":"https:\/\/xn--vstmekanik-q5a.se\/index.php?rest_route=\/wp\/v2\/users\/1"}],"replies":[{"embeddable":true,"href":"https:\/\/xn--vstmekanik-q5a.se\/index.php?rest_route=%2Fwp%2Fv2%2Fcomments&post=29"}],"version-history":[{"count":0,"href":"https:\/\/xn--vstmekanik-q5a.se\/index.php?rest_route=\/wp\/v2\/pages\/29\/revisions"}],"wp:attachment":[{"href":"https:\/\/xn--vstmekanik-q5a.se\/index.php?rest_route=%2Fwp%2Fv2%2Fmedia&parent=29"}],"curies":[{"name":"wp","href":"https:\/\/api.w.org\/{rel}","templated":true}]}}