{"id":25,"date":"2016-03-01T14:16:14","date_gmt":"2016-03-01T13:16:14","guid":{"rendered":"https:\/\/xn--vstmekanik-q5a.se\/?page_id=25"},"modified":"2016-10-26T16:10:24","modified_gmt":"2016-10-26T14:10:24","slug":"vart-arbetssatt","status":"publish","type":"page","link":"https:\/\/xn--vstmekanik-q5a.se\/?page_id=25","title":{"rendered":"Kontakta oss"},"content":{"rendered":"<p>Bes\u00f6ks- och postadress<br \/>\n<strong>V\u00e4stmekanik AB<\/strong><br \/>\nDalen 120<br \/>\n442 73 K\u00e4rna<\/p>\n<p><strong>G\u00f6ran Lindblad<\/strong><br \/>\nOmr\u00e5de: F\u00f6rs\u00e4ljning, Projektledning, Konstruktion, Montage<br \/>\nTelefon: 072\u00a0305 62 00<br \/>\nE-post:\u00a0<a href=\"mailto:goran@vastmekanik.se\">goran@vastmekanik.se <\/a><\/p>\n<p><strong>Rikard Aronsson<\/strong><br \/>\nOmr\u00e5de: Mont\u00f6r, Innovat\u00f6r, Konstruktion, Installation, Projektledning<br \/>\nTelefon: 0705 29 67 65<br \/>\nE-post:\u00a0<a href=\"mailto:rikard@vastmekanik.se\">rikard@vastmekanik.se <\/a><\/p>\n","protected":false},"excerpt":{"rendered":"<p>Bes\u00f6ks- och postadress V\u00e4stmekanik AB Dalen 120 442 73 K\u00e4rna G\u00f6ran Lindblad Omr\u00e5de: F\u00f6rs\u00e4ljning, Projektledning, Konstruktion, Montage Telefon: 072\u00a0305 62 00 E-post:\u00a0goran@vastmekanik.se Rikard Aronsson Omr\u00e5de: Mont\u00f6r, Innovat\u00f6r, Konstruktion, Installation, Projektledning Telefon: 0705 29 67 65 E-post:\u00a0rikard@vastmekanik.se<\/p>\n","protected":false},"author":1,"featured_media":0,"parent":0,"menu_order":0,"comment_status":"closed","ping_status":"closed","template":"no-sidebar.php","meta":{"footnotes":""},"class_list":["post-25","page","type-page","status-publish","hentry"],"_links":{"self":[{"href":"https:\/\/xn--vstmekanik-q5a.se\/index.php?rest_route=\/wp\/v2\/pages\/25"}],"collection":[{"href":"https:\/\/xn--vstmekanik-q5a.se\/index.php?rest_route=\/wp\/v2\/pages"}],"about":[{"href":"https:\/\/xn--vstmekanik-q5a.se\/index.php?rest_route=\/wp\/v2\/types\/page"}],"author":[{"embeddable":true,"href":"https:\/\/xn--vstmekanik-q5a.se\/index.php?rest_route=\/wp\/v2\/users\/1"}],"replies":[{"embeddable":true,"href":"https:\/\/xn--vstmekanik-q5a.se\/index.php?rest_route=%2Fwp%2Fv2%2Fcomments&post=25"}],"version-history":[{"count":0,"href":"https:\/\/xn--vstmekanik-q5a.se\/index.php?rest_route=\/wp\/v2\/pages\/25\/revisions"}],"wp:attachment":[{"href":"https:\/\/xn--vstmekanik-q5a.se\/index.php?rest_route=%2Fwp%2Fv2%2Fmedia&parent=25"}],"curies":[{"name":"wp","href":"https:\/\/api.w.org\/{rel}","templated":true}]}}