{"id":21,"date":"2016-03-01T14:12:43","date_gmt":"2016-03-01T13:12:43","guid":{"rendered":"https:\/\/xn--vstmekanik-q5a.se\/?page_id=21"},"modified":"2016-10-26T16:06:59","modified_gmt":"2016-10-26T14:06:59","slug":"var-verksamhet","status":"publish","type":"page","link":"https:\/\/xn--vstmekanik-q5a.se\/?page_id=21","title":{"rendered":"V\u00e5ra tj\u00e4nster"},"content":{"rendered":"<p><strong>Vi arbetar med <\/strong><\/p>\n<ul>\n<li>Tillverkning<\/li>\n<li>Montage El\/Mek<\/li>\n<li>Projekt och arbetsledning<\/li>\n<li>Installation\/Drifttagning El\/Mek<\/li>\n<li>Ombyggnationer<\/li>\n<li>Kalkylering<\/li>\n<li>Service\/Underh\u00e5ll<\/li>\n<li>Beredningsarbeten<\/li>\n<li>Ritningsgranskning<\/li>\n<li>Konstruktion<\/li>\n<li>Tekniska ink\u00f6p<\/li>\n<li>Probleml\u00f6sning\/Idekonstruktion\/Brainstorming<\/li>\n<li>Pneumatik<\/li>\n<li>Hydraulik<\/li>\n<li>Marina komponenter<\/li>\n<\/ul>\n<p><a href=\"https:\/\/xn--vstmekanik-q5a.se\/vart-arbetssatt\/\">Ring oss <\/a>f\u00f6r att f\u00e5 veta mer om vad vi kan hj\u00e4lpa er med.<\/p>\n","protected":false},"excerpt":{"rendered":"<p>Vi arbetar med Tillverkning Montage El\/Mek Projekt och arbetsledning Installation\/Drifttagning El\/Mek Ombyggnationer Kalkylering Service\/Underh\u00e5ll Beredningsarbeten Ritningsgranskning Konstruktion Tekniska ink\u00f6p Probleml\u00f6sning\/Idekonstruktion\/Brainstorming Pneumatik Hydraulik Marina komponenter Ring oss f\u00f6r att f\u00e5 veta mer om vad vi kan hj\u00e4lpa er med.<\/p>\n","protected":false},"author":1,"featured_media":0,"parent":0,"menu_order":0,"comment_status":"closed","ping_status":"closed","template":"no-sidebar.php","meta":{"footnotes":""},"class_list":["post-21","page","type-page","status-publish","hentry"],"_links":{"self":[{"href":"https:\/\/xn--vstmekanik-q5a.se\/index.php?rest_route=\/wp\/v2\/pages\/21"}],"collection":[{"href":"https:\/\/xn--vstmekanik-q5a.se\/index.php?rest_route=\/wp\/v2\/pages"}],"about":[{"href":"https:\/\/xn--vstmekanik-q5a.se\/index.php?rest_route=\/wp\/v2\/types\/page"}],"author":[{"embeddable":true,"href":"https:\/\/xn--vstmekanik-q5a.se\/index.php?rest_route=\/wp\/v2\/users\/1"}],"replies":[{"embeddable":true,"href":"https:\/\/xn--vstmekanik-q5a.se\/index.php?rest_route=%2Fwp%2Fv2%2Fcomments&post=21"}],"version-history":[{"count":0,"href":"https:\/\/xn--vstmekanik-q5a.se\/index.php?rest_route=\/wp\/v2\/pages\/21\/revisions"}],"wp:attachment":[{"href":"https:\/\/xn--vstmekanik-q5a.se\/index.php?rest_route=%2Fwp%2Fv2%2Fmedia&parent=21"}],"curies":[{"name":"wp","href":"https:\/\/api.w.org\/{rel}","templated":true}]}}