{"id":18,"date":"2016-03-01T14:10:05","date_gmt":"2016-03-01T13:10:05","guid":{"rendered":"https:\/\/xn--vstmekanik-q5a.se\/?page_id=18"},"modified":"2016-10-26T16:02:34","modified_gmt":"2016-10-26T14:02:34","slug":"vastmekanik-ab","status":"publish","type":"page","link":"https:\/\/xn--vstmekanik-q5a.se\/","title":{"rendered":"En framtida m\u00f6jlighet"},"content":{"rendered":"<p>V\u00e4stmekanik AB startades i november 2014 och \u00e4r ett f\u00f6retag med mycket stort tekniskt kunnande och bred kompetens inom den automatiserade industrin. Vi har m\u00e5ng\u00e5rig erfarenhet inom automation, specialmaskiner, fixturer och jiggar, robotdress och maskinutrustning till fordon, l\u00e4kemedel, livsmedel, paketering och tr\u00e4industrin Vi \u00e4r erfarna, projektledare, montage och installationsledare, mont\u00f6rer och konstrukt\u00f6rer.<\/p>\n<p>Vi \u00e4r specialiserade p\u00e5 montage, installation, konstruktion, tillverkning av olika typer av automatiserade utrustningar som t.ex. robot applikationer, specialmaskiner och fixturer i styckvis eller sm\u00e5 serier, fr\u00e5n enskilda maskinkomponenter till kompletta maskinsystem.<\/p>\n","protected":false},"excerpt":{"rendered":"<p>V\u00e4stmekanik AB startades i november 2014 och \u00e4r ett f\u00f6retag med mycket stort tekniskt kunnande och bred kompetens inom den automatiserade industrin. Vi har m\u00e5ng\u00e5rig erfarenhet inom automation, specialmaskiner, fixturer och jiggar, robotdress och maskinutrustning till fordon, l\u00e4kemedel, livsmedel, paketering och tr\u00e4industrin Vi \u00e4r erfarna, projektledare, montage och installationsledare, mont\u00f6rer och konstrukt\u00f6rer. Vi \u00e4r specialiserade p\u00e5 montage, installation, konstruktion, tillverkning av olika typer av automatiserade utrustningar som t.ex. robot applikationer, specialmaskiner och fixturer i styckvis eller sm\u00e5 serier, fr\u00e5n enskilda maskinkomponenter till kompletta maskinsystem.<\/p>\n","protected":false},"author":1,"featured_media":0,"parent":0,"menu_order":0,"comment_status":"closed","ping_status":"closed","template":"no-sidebar.php","meta":{"footnotes":""},"class_list":["post-18","page","type-page","status-publish","hentry"],"_links":{"self":[{"href":"https:\/\/xn--vstmekanik-q5a.se\/index.php?rest_route=\/wp\/v2\/pages\/18"}],"collection":[{"href":"https:\/\/xn--vstmekanik-q5a.se\/index.php?rest_route=\/wp\/v2\/pages"}],"about":[{"href":"https:\/\/xn--vstmekanik-q5a.se\/index.php?rest_route=\/wp\/v2\/types\/page"}],"author":[{"embeddable":true,"href":"https:\/\/xn--vstmekanik-q5a.se\/index.php?rest_route=\/wp\/v2\/users\/1"}],"replies":[{"embeddable":true,"href":"https:\/\/xn--vstmekanik-q5a.se\/index.php?rest_route=%2Fwp%2Fv2%2Fcomments&post=18"}],"version-history":[{"count":0,"href":"https:\/\/xn--vstmekanik-q5a.se\/index.php?rest_route=\/wp\/v2\/pages\/18\/revisions"}],"wp:attachment":[{"href":"https:\/\/xn--vstmekanik-q5a.se\/index.php?rest_route=%2Fwp%2Fv2%2Fmedia&parent=18"}],"curies":[{"name":"wp","href":"https:\/\/api.w.org\/{rel}","templated":true}]}}